{"id":1412,"date":"2021-05-30T20:14:38","date_gmt":"2021-05-30T20:14:38","guid":{"rendered":"https:\/\/wizardly-payne.18-203-29-157.plesk.page\/politica-de-cookies\/"},"modified":"2021-08-19T15:37:29","modified_gmt":"2021-08-19T15:37:29","slug":"politica-de-cookies","status":"publish","type":"page","link":"https:\/\/haciendazorita.com\/en\/politica-de-cookies\/","title":{"rendered":"Cookies policy"},"content":{"rendered":"<p>Desde (THE HACIENDAS COMPANY, Ltd) deseamos informarte que nuestra p\u00e1gina web utiliza cookies para analizar la navegaci\u00f3n de usuarios.<\/p>\n<p>Utilizamos cookies propias y de terceros para mejorar nuestros servicios y mostrarle publicidad relacionada con sus preferencias mediante el an\u00e1lisis de sus h\u00e1bitos de navegaci\u00f3n. Si continua navegando, consideramos que acepta su uso.<\/p>\n<p>Las cookies son unos archivos que se instalan en el equipo desde el que accedes a nuestra web con las finalidades que se describen en esta p\u00e1gina.<\/p>\n<p>Las cookies que utilizamos son de an\u00e1lisis: Son aqu\u00e9llas que bien tratadas por nosotros o por terceros, nos permiten cuantificar el n\u00famero de usuarios y as\u00ed realizar la medici\u00f3n y an\u00e1lisis estad\u00edstico de la utilizaci\u00f3n que hacen los usuarios del servicio ofertado. Para ello se analiza su navegaci\u00f3n en nuestra p\u00e1gina web con el fin de mejorar la oferta de productos o servicios que le ofrecemos<\/p>\n<p>La aplicaci\u00f3n que utilizamos para obtener y analizar la informaci\u00f3n de la navegaci\u00f3n es: Google Analytics:\u00a0<a href=\"https:\/\/marketingplatform.google.com\/about\/analytics\/\" target=\"_blank\" rel=\"noopener noreferrer\">www.google.com\/analytics\/<\/a>\u00a0y\u00a0<a href=\"https:\/\/marketingplatform.google.com\/about\/\">www.google.es\/intl\/es\/analytics\/privacyoverview.html<\/a><\/p>\n<p>Esta aplicaci\u00f3n ha sido desarrollada por Google, que nos presta el servicio de an\u00e1lisis de la audiencia de nuestra p\u00e1gina. Esta empresa puede utilizar estos datos para mejorar sus propios servicios y para ofrecer servicios a otras empresas. Puedes conocer esos otros usos desde los enlaces indicados.<\/p>\n<p>Esta herramienta no obtiene datos de los nombres o apellidos de los usuarios ni de la direcci\u00f3n postal desde donde se conectan. La informaci\u00f3n que obtiene esta relacionada por ejemplo con el n\u00famero de p\u00e1ginas visitas, el idioma, red social en la que se publican nuestras noticias, la ciudad a la que est\u00e1 asignada la direcci\u00f3n IP desde la que acceden los usuarios, el n\u00famero de usuarios que nos visitan, la frecuencia y reincidencia de las visitas, el tiempo de visita, el navegador que usan, el operador o tipo de terminal desde el que se realiza la visita.<\/p>\n<p>Esta informaci\u00f3n la utilizamos para mejorar nuestra p\u00e1gina, detectar nuevas necesidades y valorar las mejoras a introducir con la finalidad de prestar un mejor servicio a los usuarios que nos visitan.<\/p>\n<p>Puede usted permitir, conocer, bloquear o eliminar las cookies instaladas en tu equipo puedes hacerlo mediante la configuraci\u00f3n de las opciones del navegador instalado en su ordenador.<\/p>\n<p>Por ejemplo puedes encontrar informaci\u00f3n sobre c\u00f3mo hacerlo en el caso que uses como navegador:<\/p>\n<p>Firefox desde aqu\u00ed:\u00a0<a href=\"http:\/\/support.mozilla.org\/es\/kb\/habilitar-y-deshabilitar-cookies-que-los-sitios-we\" target=\"_blank\" rel=\"noopener noreferrer\">http:\/\/support.mozilla.org\/es\/kb\/habilitar-y-deshabilitar-cookies-que-los-sitios-we<\/a><\/p>\n<p>Chrome desde aqu\u00ed:<a href=\"http:\/\/support.google.com\/chrome\/bin\/answer.py?hl=es&amp;answer=95647\" target=\"_blank\" rel=\"noopener noreferrer\">http:\/\/support.google.com\/chrome\/bin\/answer.py?hl=es&amp;answer=95647<\/a><\/p>\n<p>Explorer desde aqu\u00ed:\u00a0<a href=\"http:\/\/windows.microsoft.com\/es-es\/windows7\/how-to-manage-cookies-in-internet-explorer-9\" target=\"_blank\" rel=\"noopener noreferrer\">http:\/\/windows.microsoft.com\/es-es\/windows7\/how-to-manage-cookies-in-internet-explorer-9<\/a><\/p>\n<p>Safari desde aqu\u00ed:<a href=\"http:\/\/support.apple.com\/kb\/ph5042\" target=\"_blank\" rel=\"noopener noreferrer\">http:\/\/support.apple.com\/kb\/ph5042<\/a><\/p>\n<p>Opera desde aqu\u00ed:\u00a0<a href=\"http:\/\/help.opera.com\/Windows\/11.50\/es-ES\/cookies.html\" target=\"_blank\" rel=\"noopener noreferrer\">http:\/\/help.opera.com\/Windows\/11.50\/es-ES\/cookies.html<\/a><\/p>\n","protected":false},"excerpt":{"rendered":"<p>Desde (THE HACIENDAS COMPANY, Ltd) deseamos informarte que nuestra p\u00e1gina web utiliza cookies para analizar la navegaci\u00f3n de usuarios. Utilizamos cookies propias y de terceros para mejorar nuestros servicios y mostrarle publicidad relacionada con sus preferencias mediante el an\u00e1lisis de sus h\u00e1bitos de navegaci\u00f3n. Si continua navegando, consideramos que acepta su uso. Las cookies son [&hellip;]<\/p>\n","protected":false},"author":1,"featured_media":0,"parent":0,"menu_order":0,"comment_status":"closed","ping_status":"closed","template":"","meta":{"_acf_changed":false,"inline_featured_image":false,"footnotes":""},"class_list":["post-1412","page","type-page","status-publish","hentry"],"acf":[],"yoast_head":"<!-- This site is optimized with the Yoast SEO plugin v27.4 - https:\/\/yoast.com\/product\/yoast-seo-wordpress\/ -->\n<title>Cookies policy - Hacienda Zorita<\/title>\n<meta name=\"robots\" content=\"index, follow, max-snippet:-1, max-image-preview:large, max-video-preview:-1\" \/>\n<link rel=\"canonical\" href=\"https:\/\/haciendazorita.com\/en\/politica-de-cookies\/\" \/>\n<meta property=\"og:locale\" content=\"en_US\" \/>\n<meta property=\"og:type\" content=\"article\" \/>\n<meta property=\"og:title\" content=\"Cookies policy - Hacienda Zorita\" \/>\n<meta property=\"og:description\" content=\"Desde (THE HACIENDAS COMPANY, Ltd) deseamos informarte que nuestra p\u00e1gina web utiliza cookies para analizar la navegaci\u00f3n de usuarios. Utilizamos cookies propias y de terceros para mejorar nuestros servicios y mostrarle publicidad relacionada con sus preferencias mediante el an\u00e1lisis de sus h\u00e1bitos de navegaci\u00f3n. Si continua navegando, consideramos que acepta su uso. Las cookies son [&hellip;]\" \/>\n<meta property=\"og:url\" content=\"https:\/\/haciendazorita.com\/en\/politica-de-cookies\/\" \/>\n<meta property=\"og:site_name\" content=\"Hacienda Zorita\" \/>\n<meta property=\"article:modified_time\" content=\"2021-08-19T15:37:29+00:00\" \/>\n<meta property=\"og:image\" content=\"https:\/\/haciendazorita.com\/wp-content\/uploads\/2021\/05\/cabecera-home@2x.jpg\" \/>\n\t<meta property=\"og:image:width\" content=\"1920\" \/>\n\t<meta property=\"og:image:height\" content=\"1080\" \/>\n\t<meta property=\"og:image:type\" content=\"image\/jpeg\" \/>\n<meta name=\"twitter:card\" content=\"summary_large_image\" \/>\n<meta name=\"twitter:label1\" content=\"Est. reading time\" \/>\n\t<meta name=\"twitter:data1\" content=\"2 minutes\" \/>\n<script type=\"application\/ld+json\" class=\"yoast-schema-graph\">{\"@context\":\"https:\\\/\\\/schema.org\",\"@graph\":[{\"@type\":\"WebPage\",\"@id\":\"https:\\\/\\\/haciendazorita.com\\\/en\\\/politica-de-cookies\\\/\",\"url\":\"https:\\\/\\\/haciendazorita.com\\\/en\\\/politica-de-cookies\\\/\",\"name\":\"Cookies policy - Hacienda Zorita\",\"isPartOf\":{\"@id\":\"https:\\\/\\\/haciendazorita.com\\\/#website\"},\"datePublished\":\"2021-05-30T20:14:38+00:00\",\"dateModified\":\"2021-08-19T15:37:29+00:00\",\"breadcrumb\":{\"@id\":\"https:\\\/\\\/haciendazorita.com\\\/en\\\/politica-de-cookies\\\/#breadcrumb\"},\"inLanguage\":\"en-US\",\"potentialAction\":[{\"@type\":\"ReadAction\",\"target\":[\"https:\\\/\\\/haciendazorita.com\\\/en\\\/politica-de-cookies\\\/\"]}]},{\"@type\":\"BreadcrumbList\",\"@id\":\"https:\\\/\\\/haciendazorita.com\\\/en\\\/politica-de-cookies\\\/#breadcrumb\",\"itemListElement\":[{\"@type\":\"ListItem\",\"position\":1,\"name\":\"Portada\",\"item\":\"https:\\\/\\\/haciendazorita.com\\\/en\\\/\"},{\"@type\":\"ListItem\",\"position\":2,\"name\":\"Cookies policy\"}]},{\"@type\":\"WebSite\",\"@id\":\"https:\\\/\\\/haciendazorita.com\\\/#website\",\"url\":\"https:\\\/\\\/haciendazorita.com\\\/\",\"name\":\"Hacienda Zorita\",\"description\":\"\",\"potentialAction\":[{\"@type\":\"SearchAction\",\"target\":{\"@type\":\"EntryPoint\",\"urlTemplate\":\"https:\\\/\\\/haciendazorita.com\\\/?s={search_term_string}\"},\"query-input\":{\"@type\":\"PropertyValueSpecification\",\"valueRequired\":true,\"valueName\":\"search_term_string\"}}],\"inLanguage\":\"en-US\"}]}<\/script>\n<!-- \/ Yoast SEO plugin. -->","yoast_head_json":{"title":"Cookies policy - Hacienda Zorita","robots":{"index":"index","follow":"follow","max-snippet":"max-snippet:-1","max-image-preview":"max-image-preview:large","max-video-preview":"max-video-preview:-1"},"canonical":"https:\/\/haciendazorita.com\/en\/politica-de-cookies\/","og_locale":"en_US","og_type":"article","og_title":"Cookies policy - Hacienda Zorita","og_description":"Desde (THE HACIENDAS COMPANY, Ltd) deseamos informarte que nuestra p\u00e1gina web utiliza cookies para analizar la navegaci\u00f3n de usuarios. Utilizamos cookies propias y de terceros para mejorar nuestros servicios y mostrarle publicidad relacionada con sus preferencias mediante el an\u00e1lisis de sus h\u00e1bitos de navegaci\u00f3n. Si continua navegando, consideramos que acepta su uso. Las cookies son [&hellip;]","og_url":"https:\/\/haciendazorita.com\/en\/politica-de-cookies\/","og_site_name":"Hacienda Zorita","article_modified_time":"2021-08-19T15:37:29+00:00","og_image":[{"width":1920,"height":1080,"url":"https:\/\/haciendazorita.com\/wp-content\/uploads\/2021\/05\/cabecera-home@2x.jpg","type":"image\/jpeg"}],"twitter_card":"summary_large_image","twitter_misc":{"Est. reading time":"2 minutes"},"schema":{"@context":"https:\/\/schema.org","@graph":[{"@type":"WebPage","@id":"https:\/\/haciendazorita.com\/en\/politica-de-cookies\/","url":"https:\/\/haciendazorita.com\/en\/politica-de-cookies\/","name":"Cookies policy - Hacienda Zorita","isPartOf":{"@id":"https:\/\/haciendazorita.com\/#website"},"datePublished":"2021-05-30T20:14:38+00:00","dateModified":"2021-08-19T15:37:29+00:00","breadcrumb":{"@id":"https:\/\/haciendazorita.com\/en\/politica-de-cookies\/#breadcrumb"},"inLanguage":"en-US","potentialAction":[{"@type":"ReadAction","target":["https:\/\/haciendazorita.com\/en\/politica-de-cookies\/"]}]},{"@type":"BreadcrumbList","@id":"https:\/\/haciendazorita.com\/en\/politica-de-cookies\/#breadcrumb","itemListElement":[{"@type":"ListItem","position":1,"name":"Portada","item":"https:\/\/haciendazorita.com\/en\/"},{"@type":"ListItem","position":2,"name":"Cookies policy"}]},{"@type":"WebSite","@id":"https:\/\/haciendazorita.com\/#website","url":"https:\/\/haciendazorita.com\/","name":"Hacienda Zorita","description":"","potentialAction":[{"@type":"SearchAction","target":{"@type":"EntryPoint","urlTemplate":"https:\/\/haciendazorita.com\/?s={search_term_string}"},"query-input":{"@type":"PropertyValueSpecification","valueRequired":true,"valueName":"search_term_string"}}],"inLanguage":"en-US"}]}},"_links":{"self":[{"href":"https:\/\/haciendazorita.com\/en\/wp-json\/wp\/v2\/pages\/1412","targetHints":{"allow":["GET"]}}],"collection":[{"href":"https:\/\/haciendazorita.com\/en\/wp-json\/wp\/v2\/pages"}],"about":[{"href":"https:\/\/haciendazorita.com\/en\/wp-json\/wp\/v2\/types\/page"}],"author":[{"embeddable":true,"href":"https:\/\/haciendazorita.com\/en\/wp-json\/wp\/v2\/users\/1"}],"replies":[{"embeddable":true,"href":"https:\/\/haciendazorita.com\/en\/wp-json\/wp\/v2\/comments?post=1412"}],"version-history":[{"count":2,"href":"https:\/\/haciendazorita.com\/en\/wp-json\/wp\/v2\/pages\/1412\/revisions"}],"predecessor-version":[{"id":1416,"href":"https:\/\/haciendazorita.com\/en\/wp-json\/wp\/v2\/pages\/1412\/revisions\/1416"}],"wp:attachment":[{"href":"https:\/\/haciendazorita.com\/en\/wp-json\/wp\/v2\/media?parent=1412"}],"curies":[{"name":"wp","href":"https:\/\/api.w.org\/{rel}","templated":true}]}}