{"id":1316,"date":"2021-05-30T20:45:54","date_gmt":"2021-05-30T20:45:54","guid":{"rendered":"https:\/\/wizardly-payne.18-203-29-157.plesk.page\/1366-2\/"},"modified":"2021-08-19T18:10:34","modified_gmt":"2021-08-19T18:10:34","slug":"1366-2","status":"publish","type":"page","link":"https:\/\/haciendazorita.com\/en\/1366-2\/","title":{"rendered":"1366"},"content":{"rendered":"<div class=\"text-center\">\n<h2>1366<\/h2>\n<\/div>\n<p style=\"text-align: center;\"><strong>Do\u00f1a In\u00e9s de Limoges and Dominicans<\/strong><\/p>\n<p>&nbsp;<\/p>\n<p style=\"text-align: center;\">In 1366 Do\u00f1a In\u00e9s de Limoges, whose lineage was Hispanicized as Alim\u00f3genes, was a lady of the Salamanca nobility and donated the place with the Zorita mill to the Dominican Convent of Saint Stephen.<\/p>\n<p style=\"text-align: center;\">She married to Don Juan Alfonso God\u00ednez, Chancellor of Castile (descendant of Don Godino de Coimbra, leader of the Portogaleses), who was called to repopulate the lands of Salamanca, \u00c1vila and Segovia, as was Don Pedro Alcalde los Francos, father of Do\u00f1a In\u00e9s.<\/p>\n<p style=\"text-align: center;\">Do\u00f1a In\u00e9s was entrusted by Queen Mar\u00eda de Molina with the education of the future King Alfonso XI, with whom she spent her summers at Hacienda Zorita.<\/p>\n","protected":false},"excerpt":{"rendered":"<p>1366 Do\u00f1a In\u00e9s de Limoges and Dominicans &nbsp; In 1366 Do\u00f1a In\u00e9s de Limoges, whose lineage was Hispanicized as Alim\u00f3genes, was a lady of the Salamanca nobility and donated the place with the Zorita mill to the Dominican Convent of Saint Stephen. She married to Don Juan Alfonso God\u00ednez, Chancellor of Castile (descendant of Don [&hellip;]<\/p>\n","protected":false},"author":1,"featured_media":0,"parent":0,"menu_order":0,"comment_status":"closed","ping_status":"closed","template":"","meta":{"_acf_changed":false,"inline_featured_image":false,"footnotes":""},"class_list":["post-1316","page","type-page","status-publish","hentry"],"acf":[],"yoast_head":"<!-- This site is optimized with the Yoast SEO plugin v27.4 - https:\/\/yoast.com\/product\/yoast-seo-wordpress\/ -->\n<title>1366 - Hacienda Zorita<\/title>\n<meta name=\"robots\" content=\"index, follow, max-snippet:-1, max-image-preview:large, max-video-preview:-1\" \/>\n<link rel=\"canonical\" href=\"https:\/\/haciendazorita.com\/en\/1366-2\/\" \/>\n<meta property=\"og:locale\" content=\"en_US\" \/>\n<meta property=\"og:type\" content=\"article\" \/>\n<meta property=\"og:title\" content=\"1366 - Hacienda Zorita\" \/>\n<meta property=\"og:description\" content=\"1366 Do\u00f1a In\u00e9s de Limoges and Dominicans &nbsp; In 1366 Do\u00f1a In\u00e9s de Limoges, whose lineage was Hispanicized as Alim\u00f3genes, was a lady of the Salamanca nobility and donated the place with the Zorita mill to the Dominican Convent of Saint Stephen. She married to Don Juan Alfonso God\u00ednez, Chancellor of Castile (descendant of Don [&hellip;]\" \/>\n<meta property=\"og:url\" content=\"https:\/\/haciendazorita.com\/en\/1366-2\/\" \/>\n<meta property=\"og:site_name\" content=\"Hacienda Zorita\" \/>\n<meta property=\"article:modified_time\" content=\"2021-08-19T18:10:34+00:00\" \/>\n<meta property=\"og:image\" content=\"https:\/\/haciendazorita.com\/wp-content\/uploads\/2021\/05\/cabecera-home@2x.jpg\" \/>\n\t<meta property=\"og:image:width\" content=\"1920\" \/>\n\t<meta property=\"og:image:height\" content=\"1080\" \/>\n\t<meta property=\"og:image:type\" content=\"image\/jpeg\" \/>\n<meta name=\"twitter:card\" content=\"summary_large_image\" \/>\n<meta name=\"twitter:label1\" content=\"Est. reading time\" \/>\n\t<meta name=\"twitter:data1\" content=\"1 minute\" \/>\n<script type=\"application\/ld+json\" class=\"yoast-schema-graph\">{\"@context\":\"https:\\\/\\\/schema.org\",\"@graph\":[{\"@type\":\"WebPage\",\"@id\":\"https:\\\/\\\/haciendazorita.com\\\/en\\\/1366-2\\\/\",\"url\":\"https:\\\/\\\/haciendazorita.com\\\/en\\\/1366-2\\\/\",\"name\":\"1366 - Hacienda Zorita\",\"isPartOf\":{\"@id\":\"https:\\\/\\\/haciendazorita.com\\\/#website\"},\"datePublished\":\"2021-05-30T20:45:54+00:00\",\"dateModified\":\"2021-08-19T18:10:34+00:00\",\"breadcrumb\":{\"@id\":\"https:\\\/\\\/haciendazorita.com\\\/en\\\/1366-2\\\/#breadcrumb\"},\"inLanguage\":\"en-US\",\"potentialAction\":[{\"@type\":\"ReadAction\",\"target\":[\"https:\\\/\\\/haciendazorita.com\\\/en\\\/1366-2\\\/\"]}]},{\"@type\":\"BreadcrumbList\",\"@id\":\"https:\\\/\\\/haciendazorita.com\\\/en\\\/1366-2\\\/#breadcrumb\",\"itemListElement\":[{\"@type\":\"ListItem\",\"position\":1,\"name\":\"Portada\",\"item\":\"https:\\\/\\\/haciendazorita.com\\\/en\\\/\"},{\"@type\":\"ListItem\",\"position\":2,\"name\":\"1366\"}]},{\"@type\":\"WebSite\",\"@id\":\"https:\\\/\\\/haciendazorita.com\\\/#website\",\"url\":\"https:\\\/\\\/haciendazorita.com\\\/\",\"name\":\"Hacienda Zorita\",\"description\":\"\",\"potentialAction\":[{\"@type\":\"SearchAction\",\"target\":{\"@type\":\"EntryPoint\",\"urlTemplate\":\"https:\\\/\\\/haciendazorita.com\\\/?s={search_term_string}\"},\"query-input\":{\"@type\":\"PropertyValueSpecification\",\"valueRequired\":true,\"valueName\":\"search_term_string\"}}],\"inLanguage\":\"en-US\"}]}<\/script>\n<!-- \/ Yoast SEO plugin. -->","yoast_head_json":{"title":"1366 - Hacienda Zorita","robots":{"index":"index","follow":"follow","max-snippet":"max-snippet:-1","max-image-preview":"max-image-preview:large","max-video-preview":"max-video-preview:-1"},"canonical":"https:\/\/haciendazorita.com\/en\/1366-2\/","og_locale":"en_US","og_type":"article","og_title":"1366 - Hacienda Zorita","og_description":"1366 Do\u00f1a In\u00e9s de Limoges and Dominicans &nbsp; In 1366 Do\u00f1a In\u00e9s de Limoges, whose lineage was Hispanicized as Alim\u00f3genes, was a lady of the Salamanca nobility and donated the place with the Zorita mill to the Dominican Convent of Saint Stephen. She married to Don Juan Alfonso God\u00ednez, Chancellor of Castile (descendant of Don [&hellip;]","og_url":"https:\/\/haciendazorita.com\/en\/1366-2\/","og_site_name":"Hacienda Zorita","article_modified_time":"2021-08-19T18:10:34+00:00","og_image":[{"width":1920,"height":1080,"url":"https:\/\/haciendazorita.com\/wp-content\/uploads\/2021\/05\/cabecera-home@2x.jpg","type":"image\/jpeg"}],"twitter_card":"summary_large_image","twitter_misc":{"Est. reading time":"1 minute"},"schema":{"@context":"https:\/\/schema.org","@graph":[{"@type":"WebPage","@id":"https:\/\/haciendazorita.com\/en\/1366-2\/","url":"https:\/\/haciendazorita.com\/en\/1366-2\/","name":"1366 - Hacienda Zorita","isPartOf":{"@id":"https:\/\/haciendazorita.com\/#website"},"datePublished":"2021-05-30T20:45:54+00:00","dateModified":"2021-08-19T18:10:34+00:00","breadcrumb":{"@id":"https:\/\/haciendazorita.com\/en\/1366-2\/#breadcrumb"},"inLanguage":"en-US","potentialAction":[{"@type":"ReadAction","target":["https:\/\/haciendazorita.com\/en\/1366-2\/"]}]},{"@type":"BreadcrumbList","@id":"https:\/\/haciendazorita.com\/en\/1366-2\/#breadcrumb","itemListElement":[{"@type":"ListItem","position":1,"name":"Portada","item":"https:\/\/haciendazorita.com\/en\/"},{"@type":"ListItem","position":2,"name":"1366"}]},{"@type":"WebSite","@id":"https:\/\/haciendazorita.com\/#website","url":"https:\/\/haciendazorita.com\/","name":"Hacienda Zorita","description":"","potentialAction":[{"@type":"SearchAction","target":{"@type":"EntryPoint","urlTemplate":"https:\/\/haciendazorita.com\/?s={search_term_string}"},"query-input":{"@type":"PropertyValueSpecification","valueRequired":true,"valueName":"search_term_string"}}],"inLanguage":"en-US"}]}},"_links":{"self":[{"href":"https:\/\/haciendazorita.com\/en\/wp-json\/wp\/v2\/pages\/1316","targetHints":{"allow":["GET"]}}],"collection":[{"href":"https:\/\/haciendazorita.com\/en\/wp-json\/wp\/v2\/pages"}],"about":[{"href":"https:\/\/haciendazorita.com\/en\/wp-json\/wp\/v2\/types\/page"}],"author":[{"embeddable":true,"href":"https:\/\/haciendazorita.com\/en\/wp-json\/wp\/v2\/users\/1"}],"replies":[{"embeddable":true,"href":"https:\/\/haciendazorita.com\/en\/wp-json\/wp\/v2\/comments?post=1316"}],"version-history":[{"count":2,"href":"https:\/\/haciendazorita.com\/en\/wp-json\/wp\/v2\/pages\/1316\/revisions"}],"predecessor-version":[{"id":1473,"href":"https:\/\/haciendazorita.com\/en\/wp-json\/wp\/v2\/pages\/1316\/revisions\/1473"}],"wp:attachment":[{"href":"https:\/\/haciendazorita.com\/en\/wp-json\/wp\/v2\/media?parent=1316"}],"curies":[{"name":"wp","href":"https:\/\/api.w.org\/{rel}","templated":true}]}}